{"id":1147,"date":"2019-04-23T10:41:44","date_gmt":"2019-04-23T13:41:44","guid":{"rendered":"https:\/\/ces-cha.infd.edu.ar\/sitio\/?page_id=1147"},"modified":"2019-04-23T10:43:48","modified_gmt":"2019-04-23T13:43:48","slug":"ispea-musica","status":"publish","type":"page","link":"https:\/\/ces-cha.infd.edu.ar\/sitio\/ispea-musica\/","title":{"rendered":"ISPEA M\u00daSICA"},"content":{"rendered":"<p><strong>CUE:<\/strong> 220142400<\/p>\n<p><strong>Rector:<\/strong> CANTON, Gustavo<\/p>\n<p><strong>Direcci\u00f3n:<\/strong> Roque S\u00e1enz Pe\u00f1a N\u00ba276<\/p>\n<p><strong>Localidad:<\/strong> Resistencia.<\/p>\n<p><strong>Tel\u00e9fono:<\/strong> 362-4311131<\/p>\n<p><iframe loading=\"lazy\" style=\"border: 0;\" src=\"https:\/\/www.google.com\/maps\/embed?pb=!1m18!1m12!1m3!1d14162.925890881028!2d-58.998634682276524!3d-27.446478192209344!2m3!1f0!2f0!3f0!3m2!1i1024!2i768!4f13.1!3m3!1m2!1s0x94450cf257736993%3A0xea0cc6d2f7d7af7d!2sInstituto+Superior+Profesorado+de+Ense%C3%B1anza+Art%C3%ADstica+M%C3%BAsica!5e0!3m2!1ses!2sar!4v1556026868859!5m2!1ses!2sar\" width=\"600\" height=\"450\" frameborder=\"0\" allowfullscreen=\"allowfullscreen\"><\/iframe><\/p>\n","protected":false},"excerpt":{"rendered":"<p>CUE: 220142400 Rector: CANTON, Gustavo Direcci\u00f3n: Roque S\u00e1enz Pe\u00f1a N\u00ba276 Localidad: Resistencia. Tel\u00e9fono: 362-4311131<\/p>\n","protected":false},"author":31487,"featured_media":0,"parent":0,"menu_order":0,"comment_status":"closed","ping_status":"closed","template":"","meta":[],"acf":[],"_links":{"self":[{"href":"https:\/\/ces-cha.infd.edu.ar\/sitio\/wp-json\/wp\/v2\/pages\/1147"}],"collection":[{"href":"https:\/\/ces-cha.infd.edu.ar\/sitio\/wp-json\/wp\/v2\/pages"}],"about":[{"href":"https:\/\/ces-cha.infd.edu.ar\/sitio\/wp-json\/wp\/v2\/types\/page"}],"author":[{"embeddable":true,"href":"https:\/\/ces-cha.infd.edu.ar\/sitio\/wp-json\/wp\/v2\/users\/31487"}],"replies":[{"embeddable":true,"href":"https:\/\/ces-cha.infd.edu.ar\/sitio\/wp-json\/wp\/v2\/comments?post=1147"}],"version-history":[{"count":1,"href":"https:\/\/ces-cha.infd.edu.ar\/sitio\/wp-json\/wp\/v2\/pages\/1147\/revisions"}],"predecessor-version":[{"id":1148,"href":"https:\/\/ces-cha.infd.edu.ar\/sitio\/wp-json\/wp\/v2\/pages\/1147\/revisions\/1148"}],"wp:attachment":[{"href":"https:\/\/ces-cha.infd.edu.ar\/sitio\/wp-json\/wp\/v2\/media?parent=1147"}],"curies":[{"name":"wp","href":"https:\/\/api.w.org\/{rel}","templated":true}]}}