{"id":1175,"date":"2019-04-24T09:01:56","date_gmt":"2019-04-24T12:01:56","guid":{"rendered":"https:\/\/ces-cha.infd.edu.ar\/sitio\/?page_id=1175"},"modified":"2019-04-24T09:06:04","modified_gmt":"2019-04-24T12:06:04","slug":"ies-villa-angela","status":"publish","type":"page","link":"https:\/\/ces-cha.infd.edu.ar\/sitio\/ies-villa-angela\/","title":{"rendered":"IES \u00abVILLA \u00c1NGELA\u00bb"},"content":{"rendered":"<p><strong>CUE:<\/strong> 220101600<\/p>\n<p><strong>Rector:<\/strong> BUYATTI, Guillermo<\/p>\n<p><strong>Direcci\u00f3n:<\/strong> Rivadavia y Luis Braille<\/p>\n<p><strong>Localidad:<\/strong> Villa \u00c1ngela<\/p>\n<p><strong>Tel\u00e9fono:<\/strong> 3735-417627<\/p>\n<p><strong>E-mail:<\/strong> institutovillaangela@yahoo.com.ar<\/p>\n<p><strong>UES:<\/strong> Coronel Du Graty; Samuhu; J.J. Paso<\/p>\n<p><iframe loading=\"lazy\" src=\"https:\/\/www.google.com\/maps\/embed?pb=!1m18!1m12!1m3!1d3536.8427976873154!2d-60.71620108579509!3d-27.567388882850054!2m3!1f0!2f0!3f0!3m2!1i1024!2i768!4f13.1!3m3!1m2!1s0x9447a9b825bddeed%3A0x5c9e0cec2589250c!2sInstituto+de+Educacion+Superior+Villa+Angela!5e0!3m2!1ses!2sar!4v1556107548488!5m2!1ses!2sar\" width=\"600\" height=\"450\" frameborder=\"0\" style=\"border:0\" allowfullscreen><\/iframe><br \/>\n&nbsp;<\/p>\n","protected":false},"excerpt":{"rendered":"<p>CUE: 220101600 Rector: BUYATTI, Guillermo Direcci\u00f3n: Rivadavia y Luis Braille Localidad: Villa \u00c1ngela Tel\u00e9fono: 3735-417627 E-mail: institutovillaangela@yahoo.com.ar UES: Coronel Du Graty; Samuhu; J.J. Paso &nbsp;<\/p>\n","protected":false},"author":31487,"featured_media":0,"parent":0,"menu_order":0,"comment_status":"closed","ping_status":"closed","template":"","meta":[],"acf":[],"_links":{"self":[{"href":"https:\/\/ces-cha.infd.edu.ar\/sitio\/wp-json\/wp\/v2\/pages\/1175"}],"collection":[{"href":"https:\/\/ces-cha.infd.edu.ar\/sitio\/wp-json\/wp\/v2\/pages"}],"about":[{"href":"https:\/\/ces-cha.infd.edu.ar\/sitio\/wp-json\/wp\/v2\/types\/page"}],"author":[{"embeddable":true,"href":"https:\/\/ces-cha.infd.edu.ar\/sitio\/wp-json\/wp\/v2\/users\/31487"}],"replies":[{"embeddable":true,"href":"https:\/\/ces-cha.infd.edu.ar\/sitio\/wp-json\/wp\/v2\/comments?post=1175"}],"version-history":[{"count":2,"href":"https:\/\/ces-cha.infd.edu.ar\/sitio\/wp-json\/wp\/v2\/pages\/1175\/revisions"}],"predecessor-version":[{"id":1177,"href":"https:\/\/ces-cha.infd.edu.ar\/sitio\/wp-json\/wp\/v2\/pages\/1175\/revisions\/1177"}],"wp:attachment":[{"href":"https:\/\/ces-cha.infd.edu.ar\/sitio\/wp-json\/wp\/v2\/media?parent=1175"}],"curies":[{"name":"wp","href":"https:\/\/api.w.org\/{rel}","templated":true}]}}