{"id":1179,"date":"2019-04-24T09:10:39","date_gmt":"2019-04-24T12:10:39","guid":{"rendered":"https:\/\/ces-cha.infd.edu.ar\/sitio\/?page_id=1179"},"modified":"2019-04-24T09:29:30","modified_gmt":"2019-04-24T12:29:30","slug":"ies-san-bernardo","status":"publish","type":"page","link":"https:\/\/ces-cha.infd.edu.ar\/sitio\/ies-san-bernardo\/","title":{"rendered":"IES \u00abSAN BERNARDO\u00bb"},"content":{"rendered":"<p>CUE: 220068500<\/p>\n<p>Rector: SLAVIK, Laura<\/p>\n<p>Direcci\u00f3n: Moreno y Jun\u00ecn<\/p>\n<p>Localidad: San Bernardo<\/p>\n<p>Tel\u00e9fono: 3735-448626<\/p>\n<p>E-mail: sanbernardoies@gmail.com<\/p>\n<p><iframe loading=\"lazy\" style=\"border: 0;\" src=\"https:\/\/www.google.com\/maps\/embed?pb=!1m18!1m12!1m3!1d3545.726605302202!2d-60.71936858580335!3d-27.29043968296637!2m3!1f0!2f0!3f0!3m2!1i1024!2i768!4f13.1!3m3!1m2!1s0x94471976e874f6a1%3A0x4dd7e9971d3f8b8e!2sMoreno+%26+Junin%2C+San+Bernardo%2C+Chaco!5e0!3m2!1ses-419!2sar!4v1556108153448!5m2!1ses-419!2sar\" width=\"600\" height=\"450\" frameborder=\"0\" allowfullscreen=\"allowfullscreen\"><\/iframe><\/p>\n","protected":false},"excerpt":{"rendered":"<p>CUE: 220068500 Rector: SLAVIK, Laura Direcci\u00f3n: Moreno y Jun\u00ecn Localidad: San Bernardo Tel\u00e9fono: 3735-448626 E-mail: sanbernardoies@gmail.com<\/p>\n","protected":false},"author":31487,"featured_media":0,"parent":0,"menu_order":0,"comment_status":"closed","ping_status":"closed","template":"","meta":[],"acf":[],"_links":{"self":[{"href":"https:\/\/ces-cha.infd.edu.ar\/sitio\/wp-json\/wp\/v2\/pages\/1179"}],"collection":[{"href":"https:\/\/ces-cha.infd.edu.ar\/sitio\/wp-json\/wp\/v2\/pages"}],"about":[{"href":"https:\/\/ces-cha.infd.edu.ar\/sitio\/wp-json\/wp\/v2\/types\/page"}],"author":[{"embeddable":true,"href":"https:\/\/ces-cha.infd.edu.ar\/sitio\/wp-json\/wp\/v2\/users\/31487"}],"replies":[{"embeddable":true,"href":"https:\/\/ces-cha.infd.edu.ar\/sitio\/wp-json\/wp\/v2\/comments?post=1179"}],"version-history":[{"count":4,"href":"https:\/\/ces-cha.infd.edu.ar\/sitio\/wp-json\/wp\/v2\/pages\/1179\/revisions"}],"predecessor-version":[{"id":1189,"href":"https:\/\/ces-cha.infd.edu.ar\/sitio\/wp-json\/wp\/v2\/pages\/1179\/revisions\/1189"}],"wp:attachment":[{"href":"https:\/\/ces-cha.infd.edu.ar\/sitio\/wp-json\/wp\/v2\/media?parent=1179"}],"curies":[{"name":"wp","href":"https:\/\/api.w.org\/{rel}","templated":true}]}}