{"id":1207,"date":"2019-04-26T08:32:10","date_gmt":"2019-04-26T11:32:10","guid":{"rendered":"https:\/\/ces-cha.infd.edu.ar\/sitio\/?page_id=1207"},"modified":"2019-04-26T09:48:33","modified_gmt":"2019-04-26T12:48:33","slug":"ies-villa-berthet","status":"publish","type":"page","link":"https:\/\/ces-cha.infd.edu.ar\/sitio\/ies-villa-berthet\/","title":{"rendered":"IES \u00abVILLA BERTHET\u00bb"},"content":{"rendered":"<p><strong>CUE:<\/strong> 220033900<\/p>\n<p><strong>Rector:<\/strong> MONZ\u00d3N, Luis<\/p>\n<p><strong>Direcci\u00f3n:<\/strong> Roque Saenz Pe\u00f1a s\/n<\/p>\n<p><strong>Localidad:<\/strong> Villa Berthet<\/p>\n<p><strong>Tel\u00e9fono:<\/strong> 3735-405202<\/p>\n<p><strong>E-mail:<\/strong><\/p>\n<p><iframe loading=\"lazy\" style=\"border: 0;\" src=\"https:\/\/www.google.com\/maps\/embed?pb=!1m18!1m12!1m3!1d3545.77175034373!2d-60.41033088580335!3d-27.289025682966976!2m3!1f0!2f0!3f0!3m2!1i1024!2i768!4f13.1!3m3!1m2!1s0x9446e56f87a1bea9%3A0x545bf30d66225a0e!2sInstituto+de+Educaci%C3%B3n+Superior+de+Villa+Berthet!5e0!3m2!1ses!2sar!4v1556278394223!5m2!1ses!2sar\" width=\"600\" height=\"450\" frameborder=\"0\" allowfullscreen=\"allowfullscreen\"><\/iframe><\/p>\n","protected":false},"excerpt":{"rendered":"<p>CUE: 220033900 Rector: MONZ\u00d3N, Luis Direcci\u00f3n: Roque Saenz Pe\u00f1a s\/n Localidad: Villa Berthet Tel\u00e9fono: 3735-405202 E-mail:<\/p>\n","protected":false},"author":31487,"featured_media":0,"parent":0,"menu_order":0,"comment_status":"closed","ping_status":"closed","template":"","meta":[],"acf":[],"_links":{"self":[{"href":"https:\/\/ces-cha.infd.edu.ar\/sitio\/wp-json\/wp\/v2\/pages\/1207"}],"collection":[{"href":"https:\/\/ces-cha.infd.edu.ar\/sitio\/wp-json\/wp\/v2\/pages"}],"about":[{"href":"https:\/\/ces-cha.infd.edu.ar\/sitio\/wp-json\/wp\/v2\/types\/page"}],"author":[{"embeddable":true,"href":"https:\/\/ces-cha.infd.edu.ar\/sitio\/wp-json\/wp\/v2\/users\/31487"}],"replies":[{"embeddable":true,"href":"https:\/\/ces-cha.infd.edu.ar\/sitio\/wp-json\/wp\/v2\/comments?post=1207"}],"version-history":[{"count":4,"href":"https:\/\/ces-cha.infd.edu.ar\/sitio\/wp-json\/wp\/v2\/pages\/1207\/revisions"}],"predecessor-version":[{"id":1235,"href":"https:\/\/ces-cha.infd.edu.ar\/sitio\/wp-json\/wp\/v2\/pages\/1207\/revisions\/1235"}],"wp:attachment":[{"href":"https:\/\/ces-cha.infd.edu.ar\/sitio\/wp-json\/wp\/v2\/media?parent=1207"}],"curies":[{"name":"wp","href":"https:\/\/api.w.org\/{rel}","templated":true}]}}