{"id":1212,"date":"2019-04-26T08:40:49","date_gmt":"2019-04-26T11:40:49","guid":{"rendered":"https:\/\/ces-cha.infd.edu.ar\/sitio\/?page_id=1212"},"modified":"2019-04-26T09:49:21","modified_gmt":"2019-04-26T12:49:21","slug":"ies-jose-g-pisarello","status":"publish","type":"page","link":"https:\/\/ces-cha.infd.edu.ar\/sitio\/ies-jose-g-pisarello\/","title":{"rendered":"IES \u00abJOS\u00c9 G. PISARELLO\u00bb"},"content":{"rendered":"<p><strong>CUE:<\/strong> 220140700<\/p>\n<p><strong>Rector:<\/strong> CAYR\u00c9, Laura<\/p>\n<p><strong>Direcci\u00f3n:<\/strong> C\u00f3rdoba s\/n<\/p>\n<p><strong>Localidad:<\/strong> Quitilipi<\/p>\n<p><strong>Tel\u00e9fono:<\/strong> 3644-588751<\/p>\n<p><strong>E-mail:<\/strong> rectoriapisarello@gmail.com<\/p>\n<p><iframe loading=\"lazy\" style=\"border: 0;\" src=\"https:\/\/www.google.com\/maps\/embed?pb=!1m18!1m12!1m3!1d3558.7329945203064!2d-60.22074948581532!3d-26.880222983141575!2m3!1f0!2f0!3f0!3m2!1i1024!2i768!4f13.1!3m3!1m2!1s0x9446c9d09ec8cd39%3A0xa65936ae19e1f767!2sIES+Pisarello!5e0!3m2!1ses!2sar!4v1556279194785!5m2!1ses!2sar\" width=\"600\" height=\"450\" frameborder=\"0\" allowfullscreen=\"allowfullscreen\"><\/iframe><\/p>\n","protected":false},"excerpt":{"rendered":"<p>CUE: 220140700 Rector: CAYR\u00c9, Laura Direcci\u00f3n: C\u00f3rdoba s\/n Localidad: Quitilipi Tel\u00e9fono: 3644-588751 E-mail: rectoriapisarello@gmail.com<\/p>\n","protected":false},"author":31487,"featured_media":0,"parent":0,"menu_order":0,"comment_status":"closed","ping_status":"closed","template":"","meta":[],"acf":[],"_links":{"self":[{"href":"https:\/\/ces-cha.infd.edu.ar\/sitio\/wp-json\/wp\/v2\/pages\/1212"}],"collection":[{"href":"https:\/\/ces-cha.infd.edu.ar\/sitio\/wp-json\/wp\/v2\/pages"}],"about":[{"href":"https:\/\/ces-cha.infd.edu.ar\/sitio\/wp-json\/wp\/v2\/types\/page"}],"author":[{"embeddable":true,"href":"https:\/\/ces-cha.infd.edu.ar\/sitio\/wp-json\/wp\/v2\/users\/31487"}],"replies":[{"embeddable":true,"href":"https:\/\/ces-cha.infd.edu.ar\/sitio\/wp-json\/wp\/v2\/comments?post=1212"}],"version-history":[{"count":5,"href":"https:\/\/ces-cha.infd.edu.ar\/sitio\/wp-json\/wp\/v2\/pages\/1212\/revisions"}],"predecessor-version":[{"id":1236,"href":"https:\/\/ces-cha.infd.edu.ar\/sitio\/wp-json\/wp\/v2\/pages\/1212\/revisions\/1236"}],"wp:attachment":[{"href":"https:\/\/ces-cha.infd.edu.ar\/sitio\/wp-json\/wp\/v2\/media?parent=1212"}],"curies":[{"name":"wp","href":"https:\/\/api.w.org\/{rel}","templated":true}]}}