{"id":1256,"date":"2019-04-26T10:50:30","date_gmt":"2019-04-26T13:50:30","guid":{"rendered":"https:\/\/ces-cha.infd.edu.ar\/sitio\/?page_id=1256"},"modified":"2019-04-26T10:52:17","modified_gmt":"2019-04-26T13:52:17","slug":"ies-colonia-elisa","status":"publish","type":"page","link":"https:\/\/ces-cha.infd.edu.ar\/sitio\/ies-colonia-elisa\/","title":{"rendered":"IES \u00abCOLONIA ELISA\u00bb"},"content":{"rendered":"<p><strong>CUE:<\/strong> 220232000<\/p>\n<p><strong>Rector:<\/strong> FRETES, Mar\u00eda Esther<\/p>\n<p><strong>Direcci\u00f3n:<\/strong> Mz 45, Pc 14, Cir I, Secci\u00f3n A<\/p>\n<p><strong>Localidad:<\/strong>\u00a0Colonia Elisa<\/p>\n<p><strong>Tel\u00e9fono:<\/strong> 362-4386302<\/p>\n<p><strong>E-mail:<\/strong> institcoles@hotmail.com<\/p>\n<p><iframe loading=\"lazy\" src=\"https:\/\/www.google.com\/maps\/embed?pb=!1m18!1m12!1m3!1d3557.0851631262217!2d-59.525287885448066!3d-26.932514500516064!2m3!1f0!2f0!3f0!3m2!1i1024!2i768!4f13.1!3m3!1m2!1s0x9444158377363563%3A0x336fb308311da932!2sI.E.S.+INTITUTO+DE+EDUCACI%C3%93N+SUPERIOR!5e0!3m2!1ses!2sar!4v1556286707399!5m2!1ses!2sar\" width=\"600\" height=\"450\" frameborder=\"0\" style=\"border:0\" allowfullscreen><\/iframe><br \/>\n&nbsp;<\/p>\n","protected":false},"excerpt":{"rendered":"<p>CUE: 220232000 Rector: FRETES, Mar\u00eda Esther Direcci\u00f3n: Mz 45, Pc 14, Cir I, Secci\u00f3n A Localidad:\u00a0Colonia Elisa Tel\u00e9fono: 362-4386302 E-mail: institcoles@hotmail.com &nbsp;<\/p>\n","protected":false},"author":31487,"featured_media":0,"parent":0,"menu_order":0,"comment_status":"closed","ping_status":"closed","template":"","meta":[],"acf":[],"_links":{"self":[{"href":"https:\/\/ces-cha.infd.edu.ar\/sitio\/wp-json\/wp\/v2\/pages\/1256"}],"collection":[{"href":"https:\/\/ces-cha.infd.edu.ar\/sitio\/wp-json\/wp\/v2\/pages"}],"about":[{"href":"https:\/\/ces-cha.infd.edu.ar\/sitio\/wp-json\/wp\/v2\/types\/page"}],"author":[{"embeddable":true,"href":"https:\/\/ces-cha.infd.edu.ar\/sitio\/wp-json\/wp\/v2\/users\/31487"}],"replies":[{"embeddable":true,"href":"https:\/\/ces-cha.infd.edu.ar\/sitio\/wp-json\/wp\/v2\/comments?post=1256"}],"version-history":[{"count":3,"href":"https:\/\/ces-cha.infd.edu.ar\/sitio\/wp-json\/wp\/v2\/pages\/1256\/revisions"}],"predecessor-version":[{"id":1259,"href":"https:\/\/ces-cha.infd.edu.ar\/sitio\/wp-json\/wp\/v2\/pages\/1256\/revisions\/1259"}],"wp:attachment":[{"href":"https:\/\/ces-cha.infd.edu.ar\/sitio\/wp-json\/wp\/v2\/media?parent=1256"}],"curies":[{"name":"wp","href":"https:\/\/api.w.org\/{rel}","templated":true}]}}