{"id":1413,"date":"2019-08-13T11:37:10","date_gmt":"2019-08-13T14:37:10","guid":{"rendered":"https:\/\/ces-cha.infd.edu.ar\/sitio\/?page_id=1413"},"modified":"2019-08-13T11:37:10","modified_gmt":"2019-08-13T14:37:10","slug":"postitulos","status":"publish","type":"page","link":"https:\/\/ces-cha.infd.edu.ar\/sitio\/postitulos\/","title":{"rendered":"Post\u00edtulos"},"content":{"rendered":"<ul>\n<li><a href=\"https:\/\/drive.google.com\/file\/d\/1XdwChsCGTq_821yMq30KiwA9I0EYLKts\/view?usp=sharing\" target=\"_blank\" rel=\"noopener\"><strong>Resoluci\u00f3n N\u00b0 5630\/15<\/strong><\/a> &#8211; Aprobaci\u00f3n del formato para la elaboraci\u00f3n de los certificados.<\/li>\n<li><strong><a href=\"https:\/\/drive.google.com\/file\/d\/1z-PDfmcUqIfUIaRpJ2V7ASThSPycJedj\/view?usp=sharing\" target=\"_blank\" rel=\"noopener\">Resoluci\u00f3n N\u00b0 117\/10 CFE<\/a><\/strong> &#8211; Marco Regulatorio Post\u00edtulos.<\/li>\n<li><a href=\"https:\/\/drive.google.com\/file\/d\/1wPmqg3Kf0-lwDudb0mC2WyXx66HI5Te7\/view?usp=sharing\" target=\"_blank\" rel=\"noopener\"><strong>Resoluci\u00f3n N\u00b0 117\/10 CFE (Anexo)<\/strong><\/a>.<\/li>\n<\/ul>\n","protected":false},"excerpt":{"rendered":"<p>Resoluci\u00f3n N\u00b0 5630\/15 &#8211; Aprobaci\u00f3n del formato para la elaboraci\u00f3n de los certificados. Resoluci\u00f3n N\u00b0 117\/10 CFE &#8211; Marco Regulatorio Post\u00edtulos. Resoluci\u00f3n N\u00b0 117\/10 CFE (Anexo).<\/p>\n","protected":false},"author":31487,"featured_media":0,"parent":0,"menu_order":0,"comment_status":"closed","ping_status":"closed","template":"","meta":[],"acf":[],"_links":{"self":[{"href":"https:\/\/ces-cha.infd.edu.ar\/sitio\/wp-json\/wp\/v2\/pages\/1413"}],"collection":[{"href":"https:\/\/ces-cha.infd.edu.ar\/sitio\/wp-json\/wp\/v2\/pages"}],"about":[{"href":"https:\/\/ces-cha.infd.edu.ar\/sitio\/wp-json\/wp\/v2\/types\/page"}],"author":[{"embeddable":true,"href":"https:\/\/ces-cha.infd.edu.ar\/sitio\/wp-json\/wp\/v2\/users\/31487"}],"replies":[{"embeddable":true,"href":"https:\/\/ces-cha.infd.edu.ar\/sitio\/wp-json\/wp\/v2\/comments?post=1413"}],"version-history":[{"count":1,"href":"https:\/\/ces-cha.infd.edu.ar\/sitio\/wp-json\/wp\/v2\/pages\/1413\/revisions"}],"predecessor-version":[{"id":1414,"href":"https:\/\/ces-cha.infd.edu.ar\/sitio\/wp-json\/wp\/v2\/pages\/1413\/revisions\/1414"}],"wp:attachment":[{"href":"https:\/\/ces-cha.infd.edu.ar\/sitio\/wp-json\/wp\/v2\/media?parent=1413"}],"curies":[{"name":"wp","href":"https:\/\/api.w.org\/{rel}","templated":true}]}}